{"id":3844,"date":"2018-04-15T17:43:02","date_gmt":"2018-04-15T15:43:02","guid":{"rendered":"http:\/\/www.sb-graphic.com\/?page_id=3844"},"modified":"2024-10-02T16:47:50","modified_gmt":"2024-10-02T14:47:50","slug":"mentions-legales","status":"publish","type":"page","link":"https:\/\/www.sb-graphic.com\/index.php\/mentions-legales\/","title":{"rendered":"Mentions l\u00e9gales"},"content":{"rendered":"<div  class='flex_column av-7rbdpg-0f4fd502eca0b49f684e59350903d547 av_one_full  avia-builder-el-0  avia-builder-el-no-sibling  first flex_column_div  '     ><section  class='av_textblock_section av-6lujf8-7dae67337a9775328e3e148169554e54 '   itemscope=\"itemscope\" itemtype=\"https:\/\/schema.org\/CreativeWork\" ><div class='avia_textblock'  itemprop=\"text\" ><h2 style=\"text-align: center;\">MENTIONS L\u00c9GALES<\/h2>\n<\/div><\/section><br \/>\n<div  class='hr av-4wrgr8-b59b35585e7b305362e9f3a281116357 hr-short  avia-builder-el-2  el_after_av_textblock  el_before_av_textblock  hr-center'><span class='hr-inner '><span class=\"hr-inner-style\"><\/span><\/span><\/div><br \/>\n<section  class='av_textblock_section av-2u32ck-6ea9dac944687126ae18f570a5822490 '   itemscope=\"itemscope\" itemtype=\"https:\/\/schema.org\/CreativeWork\" ><div class='avia_textblock'  itemprop=\"text\" ><p>Tous les \u00e9l\u00e9ments (textes, logos, images, \u00e9l\u00e9ments sonores, logiciels, \u00eecones,\u2026) contenus dans le site ou dans les sites associ\u00e9s sont prot\u00e9g\u00e9s par le droit de propri\u00e9t\u00e9 intellectuelle. Ainsi, aucun des documents provenant du site ne peut \u00eatre copi\u00e9, reproduit, modifi\u00e9, transmis, diffus\u00e9 d\u2019aucune mani\u00e8re que ce soit. Seul est autoris\u00e9 le t\u00e9l\u00e9chargement d\u2019une copie des documents pour votre utilisation personnelle et \u00e0 des fins non commerciales. La modification de ces documents ou leur utilisation dans un autre but constitue une infraction au droit de propri\u00e9t\u00e9 intellectuelle de SB Graphic et de ses partenaires.<\/p>\n<p><strong>Photos :<\/strong>\u00a0\u00a9 Fotolia;\u00a0\u00a9\u00a0SB GRAPHIC<br \/>\nPrises de vue atelier : Ib\u00e9rio Olivan &amp; Benjamin Roth<\/p>\n<p><strong>Ce site internet est \u00e9dit\u00e9 par la soci\u00e9t\u00e9 SB GRAPHIC<\/strong><br \/>\nSASU au capital de 70 000\u00a0\u20ac<\/p>\n<p><strong>Si\u00e8ge social :<\/strong><br \/>\n<b>SB GRAPHIC<\/b><br \/>\n38, rue Gay Lussac<br \/>\n77290 MITRY-MORY<\/p>\n<p>T\u00e9l\u00e9phone :\u00a001 60 35 10 35<\/p>\n<p>R.C.S. Meaux 384 714 549<br \/>\nSIRET\u00a0384 714 549 00027<br \/>\nNAF : 1812Z<\/p>\n<p><strong>Directeur de la publication :<\/strong>\u00a0Richard Moraly<\/p>\n<p><strong>Le pr\u00e9sent site a \u00e9t\u00e9 r\u00e9alis\u00e9 par la soci\u00e9t\u00e9 <a href=\"http:\/\/www.isaprint.fr\">ISA<\/a><\/strong><\/p>\n<p><strong>Le pr\u00e9sent site est h\u00e9berg\u00e9 par :<\/strong><br \/>\nla soci\u00e9t\u00e9 OVH \u2013 2, rue Kellermann \u2013 BP80157 \u2013 \u00a059053 Roubaix Cedex 1\u2013 France<\/p>\n<p><strong>Garantie :<br \/>\n<\/strong>Ce site web a \u00e9t\u00e9 r\u00e9alis\u00e9 avec le plus grand soin possible. Toutefois,\u00a0<b>SB GRAPHIC<\/b>\u00a0ne peut pas garantir que les informations contenues soient exemptes d&rsquo;erreurs et parfaitement pr\u00e9cises.\u00a0<b>SB GRAPHIC<\/b>\u00a0exclut toute responsabilit\u00e9 des dommages d\u00e9coulant directement ou indirectement de l&rsquo;utilisation de ce site web, sauf intention malveillante ou n\u00e9gligence grossi\u00e8re de\u00a0<b>SB GRAPHIC<\/b>.<\/p>\n<\/div><\/section><\/p><\/div>\n","protected":false},"excerpt":{"rendered":"","protected":false},"author":1,"featured_media":0,"parent":0,"menu_order":0,"comment_status":"closed","ping_status":"closed","template":"","meta":{"footnotes":""},"class_list":["post-3844","page","type-page","status-publish","hentry"],"_links":{"self":[{"href":"https:\/\/www.sb-graphic.com\/index.php\/wp-json\/wp\/v2\/pages\/3844"}],"collection":[{"href":"https:\/\/www.sb-graphic.com\/index.php\/wp-json\/wp\/v2\/pages"}],"about":[{"href":"https:\/\/www.sb-graphic.com\/index.php\/wp-json\/wp\/v2\/types\/page"}],"author":[{"embeddable":true,"href":"https:\/\/www.sb-graphic.com\/index.php\/wp-json\/wp\/v2\/users\/1"}],"replies":[{"embeddable":true,"href":"https:\/\/www.sb-graphic.com\/index.php\/wp-json\/wp\/v2\/comments?post=3844"}],"version-history":[{"count":8,"href":"https:\/\/www.sb-graphic.com\/index.php\/wp-json\/wp\/v2\/pages\/3844\/revisions"}],"predecessor-version":[{"id":4205,"href":"https:\/\/www.sb-graphic.com\/index.php\/wp-json\/wp\/v2\/pages\/3844\/revisions\/4205"}],"wp:attachment":[{"href":"https:\/\/www.sb-graphic.com\/index.php\/wp-json\/wp\/v2\/media?parent=3844"}],"curies":[{"name":"wp","href":"https:\/\/api.w.org\/{rel}","templated":true}]}}