{"id":3681,"date":"2017-07-17T14:02:08","date_gmt":"2017-07-17T12:02:08","guid":{"rendered":"http:\/\/www.sb-graphic.com\/?page_id=3681"},"modified":"2021-01-21T12:38:29","modified_gmt":"2021-01-21T11:38:29","slug":"parc-machine-2","status":"publish","type":"page","link":"https:\/\/www.sb-graphic.com\/index.php\/parc-machine-2\/","title":{"rendered":"Parc Machines"},"content":{"rendered":"<div id='av_section_1'  class='avia-section av-2ioe9t-9bfc52d9bc70d5ec2cc43bae17b74671 main_color avia-section-default avia-no-shadow  avia-builder-el-0  avia-builder-el-no-sibling  avia-bg-style-scroll container_wrap sidebar_right'  ><div class='container av-section-cont-open' ><main  role=\"main\" itemprop=\"mainContentOfPage\"  class='template-page content  av-content-small alpha units'><div class='post-entry post-entry-type-page post-entry-3681'><div class='entry-content-wrapper clearfix'>\n<section  class='av_textblock_section av-2f3d7l-d03fc86b74fda26cc4ddf2db86f53ff8 '   itemscope=\"itemscope\" itemtype=\"https:\/\/schema.org\/CreativeWork\" ><div class='avia_textblock'  itemprop=\"text\" ><h2 style=\"text-align: center;\">PETITS, MOYENS ET GRANDS FORMATS<\/h2>\n<\/div><\/section>\n<div  class='hr av-midlr5-17d3d702fec366fc1e552112417d96d1 hr-short  avia-builder-el-2  el_after_av_textblock  el_before_av_one_fourth  hr-center'><span class='hr-inner '><span class=\"hr-inner-style\"><\/span><\/span><\/div>\n<div  class='flex_column av-kziq2p-aa64f1d130b65905748228c537d70831 av_one_fourth  avia-builder-el-3  el_after_av_hr  el_before_av_one_fourth  first flex_column_div  '     ><p>\n<style type=\"text\/css\" data-created_by=\"avia_inline_auto\" id=\"style-css-av-j6544x-0a5de6255588c096456d8d4b2870591b\">\n.avia-image-container.av-j6544x-0a5de6255588c096456d8d4b2870591b img.avia_image{\nbox-shadow:none;\n}\n.avia-image-container.av-j6544x-0a5de6255588c096456d8d4b2870591b .av-image-caption-overlay-center{\ncolor:#ffffff;\n}\n<\/style>\n<div  class='avia-image-container av-j6544x-0a5de6255588c096456d8d4b2870591b av-styling- av-img-linked avia-align-center  avia-builder-el-4  el_before_av_icon_box  avia-builder-el-first '   itemprop=\"image\" itemscope=\"itemscope\" itemtype=\"https:\/\/schema.org\/ImageObject\" ><div class=\"avia-image-container-inner\"><div class=\"avia-image-overlay-wrap\"><a href=\"http:\/\/www.sb-graphic.com\/index.php\/parc-machine-2\/offset-feuille\/\" class='avia_image '  aria-label='P Format'><img decoding=\"async\" fetchpriority=\"high\" class='wp-image-3717 avia-img-lazy-loading-not-3717 avia_image ' src=\"https:\/\/www.sb-graphic.com\/wp-content\/uploads\/2017\/07\/P-Format-495x400.jpg\" alt='' title='P Format'  height=\"400\" width=\"495\"  itemprop=\"thumbnailUrl\"  \/><\/a><\/div><\/div><\/div><br \/>\n<article  class='iconbox iconbox_left av-hltq0x-4651a0b34a461222e833d610e6d90c4f  avia-builder-el-5  el_after_av_image  avia-builder-el-last '  itemscope=\"itemscope\" itemtype=\"https:\/\/schema.org\/CreativeWork\" ><div class=\"iconbox_content\"><header class=\"entry-content-header\" aria-label=\"Icon: Format 70 x 102 cm\"><div class=\"iconbox_icon heading-color\" aria-hidden='true' data-av_icon='\ue828' data-av_iconfont='entypo-fontello'><\/div><h3 class='iconbox_content_title '  itemprop=\"headline\" >Format 70 x 102 cm<\/h3><\/header><div class='iconbox_content_container '  itemprop=\"text\" ><p>Nos <strong>3 presses Offset 70 x 102 cm<\/strong>, vous propose une large gamme de possibilit\u00e9s techniques,<br \/>\n<strong>de 1 \u00e0 6 couleurs, de multiples vernis sur de nombreux supports.<\/strong><\/p>\n<\/div><\/div><footer class=\"entry-footer\"><\/footer><\/article><\/p><\/div>\n<style type=\"text\/css\" data-created_by=\"avia_inline_auto\" id=\"style-css-av-fanw8x-738b8c01d6ff506f96412731d2b6a5d0\">\n.flex_column.av-fanw8x-738b8c01d6ff506f96412731d2b6a5d0{\nborder-radius:0px 0px 0px 0px;\npadding:0px 0px 0px 0px;\n}\n<\/style>\n<div  class='flex_column av-fanw8x-738b8c01d6ff506f96412731d2b6a5d0 av_one_fourth  avia-builder-el-6  el_after_av_one_fourth  el_before_av_one_fourth  flex_column_div av-zero-column-padding  '     ><p>\n<style type=\"text\/css\" data-created_by=\"avia_inline_auto\" id=\"style-css-av-eb4bfl-ea89d330fb990d87dd1688ba6cf0bc33\">\n.avia-image-container.av-eb4bfl-ea89d330fb990d87dd1688ba6cf0bc33 img.avia_image{\nbox-shadow:none;\n}\n.avia-image-container.av-eb4bfl-ea89d330fb990d87dd1688ba6cf0bc33 .av-image-caption-overlay-center{\ncolor:#ffffff;\n}\n<\/style>\n<div  class='avia-image-container av-eb4bfl-ea89d330fb990d87dd1688ba6cf0bc33 av-styling- av-img-linked avia-align-center  avia-builder-el-7  el_before_av_icon_box  avia-builder-el-first '   itemprop=\"image\" itemscope=\"itemscope\" itemtype=\"https:\/\/schema.org\/ImageObject\" ><div class=\"avia-image-container-inner\"><div class=\"avia-image-overlay-wrap\"><a href=\"http:\/\/www.sb-graphic.com\/index.php\/parc-machine-2\/grand-format\/\" class='avia_image '  aria-label='G Format'><img decoding=\"async\" fetchpriority=\"high\" class='wp-image-3716 avia-img-lazy-loading-not-3716 avia_image ' src=\"https:\/\/www.sb-graphic.com\/wp-content\/uploads\/2017\/07\/G-Format-495x400.jpg\" alt='' title='G Format'  height=\"400\" width=\"495\"  itemprop=\"thumbnailUrl\"  \/><\/a><\/div><\/div><\/div><br \/>\n<article  class='iconbox iconbox_left av-d2plf5-95b1dbc06e90f29c9d288e93d4df16f7  avia-builder-el-8  el_after_av_image  avia-builder-el-last '  itemscope=\"itemscope\" itemtype=\"https:\/\/schema.org\/CreativeWork\" ><div class=\"iconbox_content\"><header class=\"entry-content-header\" aria-label=\"Icon: Format 120 x 160 cm\"><div class=\"iconbox_icon heading-color\" aria-hidden='true' data-av_icon='\ue829' data-av_iconfont='entypo-fontello'><\/div><h3 class='iconbox_content_title '  itemprop=\"headline\" >Format 120 x 160 cm<\/h3><\/header><div class='iconbox_content_container '  itemprop=\"text\" ><p><strong>Nos 2 presses XL 162<\/strong>, r\u00e9pondent \u00e0 vos attentes techniques pour la r\u00e9alisation de PLV en grand format.<\/p>\n<\/div><\/div><footer class=\"entry-footer\"><\/footer><\/article><\/p><\/div>\n<style type=\"text\/css\" data-created_by=\"avia_inline_auto\" id=\"style-css-av-arxwwh-60aef1f03c41e3a9b0b0cd21b29a2a23\">\n.flex_column.av-arxwwh-60aef1f03c41e3a9b0b0cd21b29a2a23{\nborder-radius:0px 0px 0px 0px;\npadding:0px 0px 0px 0px;\n}\n<\/style>\n<div  class='flex_column av-arxwwh-60aef1f03c41e3a9b0b0cd21b29a2a23 av_one_fourth  avia-builder-el-9  el_after_av_one_fourth  el_before_av_one_fourth  flex_column_div av-zero-column-padding  '     ><p>\n<style type=\"text\/css\" data-created_by=\"avia_inline_auto\" id=\"style-css-av-8txzb5-f3feb6e256fbdacd45d952d923c01e5c\">\n.avia-image-container.av-8txzb5-f3feb6e256fbdacd45d952d923c01e5c img.avia_image{\nbox-shadow:none;\n}\n.avia-image-container.av-8txzb5-f3feb6e256fbdacd45d952d923c01e5c .av-image-caption-overlay-center{\ncolor:#ffffff;\n}\n<\/style>\n<div  class='avia-image-container av-8txzb5-f3feb6e256fbdacd45d952d923c01e5c av-styling- av-img-linked avia-align-center  avia-builder-el-10  el_before_av_icon_box  avia-builder-el-first '   itemprop=\"image\" itemscope=\"itemscope\" itemtype=\"https:\/\/schema.org\/ImageObject\" ><div class=\"avia-image-container-inner\"><div class=\"avia-image-overlay-wrap\"><a href=\"http:\/\/www.sb-graphic.com\/index.php\/parc-machine\/presse-numerique\/\" class='avia_image '  aria-label='atelier numerique'><img decoding=\"async\" fetchpriority=\"high\" class='wp-image-3715 avia-img-lazy-loading-not-3715 avia_image ' src=\"https:\/\/www.sb-graphic.com\/wp-content\/uploads\/2017\/07\/atelier-numerique-495x400.jpg\" alt='' title='atelier numerique'  height=\"400\" width=\"495\"  itemprop=\"thumbnailUrl\"  \/><\/a><\/div><\/div><\/div><br \/>\n<article  class='iconbox iconbox_left av-7q081t-19325e7f61bfe786d217b4940a939f22  avia-builder-el-11  el_after_av_image  avia-builder-el-last '  itemscope=\"itemscope\" itemtype=\"https:\/\/schema.org\/CreativeWork\" ><div class=\"iconbox_content\"><header class=\"entry-content-header\" aria-label=\"Icon: Num\u00e9rique\"><div class=\"iconbox_icon heading-color\" aria-hidden='true' data-av_icon='\ue853' data-av_iconfont='entypo-fontello'><\/div><h3 class='iconbox_content_title '  itemprop=\"headline\" >Num\u00e9rique<\/h3><\/header><div class='iconbox_content_container '  itemprop=\"text\" ><p><strong>Id\u00e9al pour les petites quantit\u00e9s !<br \/>\n<\/strong>Le num\u00e9rique permet une impression de tous travaux.<br \/>\nDe la papeterie, en passant de publicit\u00e9, jusqu\u2019\u00e0 la PLV, nous r\u00e9alisons toutes vos impressions.<\/p>\n<\/div><\/div><footer class=\"entry-footer\"><\/footer><\/article><\/p><\/div>\n<style type=\"text\/css\" data-created_by=\"avia_inline_auto\" id=\"style-css-av-5vae01-7ebbcc689cd4bf402180f445edfe0ac6\">\n.flex_column.av-5vae01-7ebbcc689cd4bf402180f445edfe0ac6{\nborder-radius:0px 0px 0px 0px;\npadding:0px 0px 0px 0px;\n}\n<\/style>\n<div  class='flex_column av-5vae01-7ebbcc689cd4bf402180f445edfe0ac6 av_one_fourth  avia-builder-el-12  el_after_av_one_fourth  el_before_av_one_third  flex_column_div av-zero-column-padding  '     ><p>\n<style type=\"text\/css\" data-created_by=\"avia_inline_auto\" id=\"style-css-av-3t8pht-90b9310691675f7fae3149b92e49085b\">\n.avia-image-container.av-3t8pht-90b9310691675f7fae3149b92e49085b img.avia_image{\nbox-shadow:none;\n}\n.avia-image-container.av-3t8pht-90b9310691675f7fae3149b92e49085b .av-image-caption-overlay-center{\ncolor:#ffffff;\n}\n<\/style>\n<div  class='avia-image-container av-3t8pht-90b9310691675f7fae3149b92e49085b av-styling- av-img-linked avia-align-center  avia-builder-el-13  el_before_av_icon_box  avia-builder-el-first '   itemprop=\"image\" itemscope=\"itemscope\" itemtype=\"https:\/\/schema.org\/ImageObject\" ><div class=\"avia-image-container-inner\"><div class=\"avia-image-overlay-wrap\"><a href=\"http:\/\/www.sb-graphic.com\/index.php\/parc-machine\/faconnage\/\" class='avia_image '  aria-label='atelier faconnage'><img decoding=\"async\" fetchpriority=\"high\" class='wp-image-3714 avia-img-lazy-loading-not-3714 avia_image ' src=\"https:\/\/www.sb-graphic.com\/wp-content\/uploads\/2017\/07\/atelier-faconnage-495x400.jpg\" alt='' title='atelier faconnage'  height=\"400\" width=\"495\"  itemprop=\"thumbnailUrl\"  \/><\/a><\/div><\/div><\/div><br \/>\n<article  class='iconbox iconbox_left av-2z9j6p-c7d9c91ed3a912e78001519a847fabe5  avia-builder-el-14  el_after_av_image  avia-builder-el-last '  itemscope=\"itemscope\" itemtype=\"https:\/\/schema.org\/CreativeWork\" ><div class=\"iconbox_content\"><header class=\"entry-content-header\" aria-label=\"Icon: Fa\u00e7onnage\"><div class=\"iconbox_icon heading-color\" aria-hidden='true' data-av_icon='\ue84e' data-av_iconfont='entypo-fontello'><\/div><h3 class='iconbox_content_title '  itemprop=\"headline\" >Fa\u00e7onnage<\/h3><\/header><div class='iconbox_content_container '  itemprop=\"text\" ><p>Un parc fa\u00e7onnage qui permet de r\u00e9aliser toutes les finitions manuelles ou m\u00e9caniques.<br \/>\nDu simple feuillet au finition de luxe, une grande qualit\u00e9 est garantie.<\/p>\n<\/div><\/div><footer class=\"entry-footer\"><\/footer><\/article><\/p><\/div>\n<style type=\"text\/css\" data-created_by=\"avia_inline_auto\" id=\"style-css-av-5qxa4x-f7e83ad8b744e46828b56ab16d50f70d\">\n.flex_column.av-5qxa4x-f7e83ad8b744e46828b56ab16d50f70d{\nborder-radius:0px 0px 0px 0px;\npadding:0px 0px 0px 0px;\n}\n<\/style>\n<div  class='flex_column av-5qxa4x-f7e83ad8b744e46828b56ab16d50f70d av_one_third  avia-builder-el-15  el_after_av_one_fourth  el_before_av_one_third  first flex_column_div av-zero-column-padding  column-top-margin'     ><\/div>\n<style type=\"text\/css\" data-created_by=\"avia_inline_auto\" id=\"style-css-av-3luag1-464693dad4cdd3f5d37b1a2b2d94ce4c\">\n.flex_column.av-3luag1-464693dad4cdd3f5d37b1a2b2d94ce4c{\nborder-radius:0px 0px 0px 0px;\npadding:0px 0px 0px 0px;\n}\n<\/style>\n<div  class='flex_column av-3luag1-464693dad4cdd3f5d37b1a2b2d94ce4c av_one_third  avia-builder-el-16  el_after_av_one_third  el_before_av_one_third  flex_column_div av-zero-column-padding  column-top-margin'     ><div  class='avia-button-wrap av-kk6s4ttn-beb2f3230e7e51c27becfa56c308d341-wrap avia-button-center  avia-builder-el-17  avia-builder-el-no-sibling '>\n<style type=\"text\/css\" data-created_by=\"avia_inline_auto\" id=\"style-css-av-kk6s4ttn-beb2f3230e7e51c27becfa56c308d341\">\n#top #wrap_all .avia-button.av-kk6s4ttn-beb2f3230e7e51c27becfa56c308d341{\nbackground-color:#12a6d7;\nborder-color:#12a6d7;\ncolor:#ffffff;\ntransition:all 0.4s ease-in-out;\n}\n#top #wrap_all .avia-button.av-kk6s4ttn-beb2f3230e7e51c27becfa56c308d341:hover{\ncolor:#ffffff;\ntransition:all 0.4s ease-in-out;\n}\n<\/style>\n<a href='http:\/\/www.sb-graphic.com\/wp-content\/uploads\/2021\/PROD_PLAQUETTE SB_WEB.pdf'  class='avia-button av-kk6s4ttn-beb2f3230e7e51c27becfa56c308d341 av-link-btn avia-icon_select-yes-left-icon avia-size-large avia-position-center'  target=\"_blank\"  rel=\"noopener noreferrer\"  aria-label=\"T\u00e9l\u00e9chargez la plaquette\"><span class='avia_button_icon avia_button_icon_left' aria-hidden='true' data-av_icon='\ue82f' data-av_iconfont='entypo-fontello'><\/span><span class='avia_iconbox_title' >T\u00e9l\u00e9chargez la plaquette<\/span><span class='avia_button_background avia-button avia-color-theme-color-highlight' ><\/span><\/a><\/div><\/div>\n<style type=\"text\/css\" data-created_by=\"avia_inline_auto\" id=\"style-css-av-22p4e9-8b701659846449a89bf2038018cead96\">\n.flex_column.av-22p4e9-8b701659846449a89bf2038018cead96{\nborder-radius:0px 0px 0px 0px;\npadding:0px 0px 0px 0px;\n}\n<\/style>\n<div  class='flex_column av-22p4e9-8b701659846449a89bf2038018cead96 av_one_third  avia-builder-el-18  el_after_av_one_third  avia-builder-el-last  flex_column_div av-zero-column-padding  column-top-margin'     ><\/div><\/div><\/div><\/main><!-- close content main element --><\/div><\/div><div id='after_section_1'  class='main_color av_default_container_wrap container_wrap sidebar_right'  ><div class='container av-section-cont-open' ><div class='template-page content  av-content-small alpha units'><div class='post-entry post-entry-type-page post-entry-3681'><div class='entry-content-wrapper clearfix'>\n","protected":false},"excerpt":{"rendered":"","protected":false},"author":1,"featured_media":0,"parent":0,"menu_order":0,"comment_status":"closed","ping_status":"closed","template":"","meta":{"footnotes":""},"class_list":["post-3681","page","type-page","status-publish","hentry"],"_links":{"self":[{"href":"https:\/\/www.sb-graphic.com\/index.php\/wp-json\/wp\/v2\/pages\/3681"}],"collection":[{"href":"https:\/\/www.sb-graphic.com\/index.php\/wp-json\/wp\/v2\/pages"}],"about":[{"href":"https:\/\/www.sb-graphic.com\/index.php\/wp-json\/wp\/v2\/types\/page"}],"author":[{"embeddable":true,"href":"https:\/\/www.sb-graphic.com\/index.php\/wp-json\/wp\/v2\/users\/1"}],"replies":[{"embeddable":true,"href":"https:\/\/www.sb-graphic.com\/index.php\/wp-json\/wp\/v2\/comments?post=3681"}],"version-history":[{"count":25,"href":"https:\/\/www.sb-graphic.com\/index.php\/wp-json\/wp\/v2\/pages\/3681\/revisions"}],"predecessor-version":[{"id":4043,"href":"https:\/\/www.sb-graphic.com\/index.php\/wp-json\/wp\/v2\/pages\/3681\/revisions\/4043"}],"wp:attachment":[{"href":"https:\/\/www.sb-graphic.com\/index.php\/wp-json\/wp\/v2\/media?parent=3681"}],"curies":[{"name":"wp","href":"https:\/\/api.w.org\/{rel}","templated":true}]}}