{"id":3452,"date":"2017-03-28T14:56:56","date_gmt":"2017-03-28T12:56:56","guid":{"rendered":"http:\/\/www.sb-graphic.com\/?page_id=3452"},"modified":"2024-10-02T15:31:30","modified_gmt":"2024-10-02T13:31:30","slug":"certifications","status":"publish","type":"page","link":"https:\/\/www.sb-graphic.com\/index.php\/certifications\/","title":{"rendered":"Certifications"},"content":{"rendered":"<div id='av_section_1'  class='avia-section av-17p05rw-edebfb973e1e925c879138c302233bb4 main_color avia-section-default avia-no-shadow  avia-builder-el-0  el_before_av_section  avia-builder-el-first  avia-bg-style-scroll container_wrap sidebar_right'  ><div class='container av-section-cont-open' ><main  role=\"main\" itemprop=\"mainContentOfPage\"  class='template-page content  av-content-small alpha units'><div class='post-entry post-entry-type-page post-entry-3452'><div class='entry-content-wrapper clearfix'>\n<div  class='flex_column av-16k0w7g-8a4f166f28c80e453028c7a2036dfcd6 av_one_third  avia-builder-el-1  el_before_av_one_third  avia-builder-el-first  first flex_column_div  '     ><p><div  class='avia-slideshow av-cj1uuk-06bc07a03447eb466012dbde11c19483 avia-slideshow-entry_with_sidebar av_slideshow avia-slide-slider  avia-builder-el-2  el_before_av_textblock  avia-builder-el-first  av-slideshow-ui av-control-default av-slideshow-manual av-loop-once av-loop-manual-endless av-default-height-applied avia-slideshow-1' data-slideshow-options=\"{&quot;animation&quot;:&quot;slide&quot;,&quot;autoplay&quot;:false,&quot;loop_autoplay&quot;:&quot;once&quot;,&quot;interval&quot;:5,&quot;loop_manual&quot;:&quot;manual-endless&quot;,&quot;autoplay_stopper&quot;:false,&quot;noNavigation&quot;:false,&quot;bg_slider&quot;:false,&quot;keep_padding&quot;:false,&quot;hoverpause&quot;:false,&quot;show_slide_delay&quot;:0}\"  itemprop=\"image\" itemscope=\"itemscope\" itemtype=\"https:\/\/schema.org\/ImageObject\" ><ul class='avia-slideshow-inner ' style='padding-bottom: 37.988165680473%;'><li  class='avia-slideshow-slide av-cj1uuk-06bc07a03447eb466012dbde11c19483__0  av-single-slide slide-1 slide-odd'><a href=\"http:\/\/www.sb-graphic.com\/index.php\/certifications\/ecovadis\/\"  data-rel='slideshow-1' class='avia-slide-wrap '   ><img decoding=\"async\" fetchpriority=\"high\" class=\"wp-image-4018 avia-img-lazy-loading-not-4018\"  src=\"https:\/\/www.sb-graphic.com\/wp-content\/uploads\/2021\/01\/GABARIT-845x321.jpg\" width=\"845\" height=\"321\" title='GABARIT' alt=''  itemprop=\"thumbnailUrl\"   \/><\/a><\/li><\/ul><\/div><br \/>\n<section  class='av_textblock_section av-8j1j1o-0e4e8055b4363efcbdc1a79fe2aec15e '   itemscope=\"itemscope\" itemtype=\"https:\/\/schema.org\/CreativeWork\" ><div class='avia_textblock'  itemprop=\"text\" ><h4>ECOVADIS<\/h4>\n<p>\u00c9valuation des performances RSE et achats responsables. Les solutions incluent la cartographie et la gestion des risques, les notations RSE.<\/p>\n<\/div><\/section><\/p><\/div>\n<style type=\"text\/css\" data-created_by=\"avia_inline_auto\" id=\"style-css-av-zt1w8c-c038e771953a113f05a7ba026d3165af\">\n.flex_column.av-zt1w8c-c038e771953a113f05a7ba026d3165af{\nborder-radius:0px 0px 0px 0px;\npadding:0px 0px 0px 0px;\n}\n<\/style>\n<div  class='flex_column av-zt1w8c-c038e771953a113f05a7ba026d3165af av_one_third  avia-builder-el-4  el_after_av_one_third  el_before_av_one_third  flex_column_div av-zero-column-padding  '     ><p><div  class='avia-slideshow av-yebc24-5c5ef515daa3c494a026bd34814be084 avia-slideshow-entry_with_sidebar av_slideshow avia-slide-slider  avia-builder-el-5  el_before_av_textblock  avia-builder-el-first  av-slideshow-ui av-control-default av-slideshow-manual av-loop-once av-loop-manual-endless av-default-height-applied avia-slideshow-2' data-slideshow-options=\"{&quot;animation&quot;:&quot;slide&quot;,&quot;autoplay&quot;:false,&quot;loop_autoplay&quot;:&quot;once&quot;,&quot;interval&quot;:5,&quot;loop_manual&quot;:&quot;manual-endless&quot;,&quot;autoplay_stopper&quot;:false,&quot;noNavigation&quot;:false,&quot;bg_slider&quot;:false,&quot;keep_padding&quot;:false,&quot;hoverpause&quot;:false,&quot;show_slide_delay&quot;:0}\"  itemprop=\"image\" itemscope=\"itemscope\" itemtype=\"https:\/\/schema.org\/ImageObject\" ><ul class='avia-slideshow-inner ' style='padding-bottom: 37.988165680473%;'><li  class='avia-slideshow-slide av-yebc24-5c5ef515daa3c494a026bd34814be084__0  av-single-slide slide-1 slide-odd'><a href=\"http:\/\/www.sb-graphic.com\/index.php\/certifications\/fsc-2\/\"  data-rel='slideshow-2' class='avia-slide-wrap '   ><img decoding=\"async\" fetchpriority=\"high\" class=\"wp-image-3464 avia-img-lazy-loading-not-3464\"  src=\"https:\/\/www.sb-graphic.com\/wp-content\/uploads\/2017\/03\/FSC-845x321.png\" width=\"845\" height=\"321\" title='FSC' alt=''  itemprop=\"thumbnailUrl\"   \/><\/a><\/li><\/ul><\/div><br \/>\n<section  class='av_textblock_section av-vcmuzw-cf27d137e3f2ae159a3df161986ee670 '   itemscope=\"itemscope\" itemtype=\"https:\/\/schema.org\/CreativeWork\" ><div class='avia_textblock'  itemprop=\"text\" ><h4>FSC\u00a0\u00ae<\/h4>\n<p>La\u00a0<strong>certification FSC <sup>\u00ae<\/sup><\/strong>\u00a0est un outil, bas\u00e9 sur les exigences du march\u00e9, qui vise \u00e0 promouvoir \u00e0 travers le monde une gestion responsable des for\u00eats.<\/p>\n<\/div><\/section><\/p><\/div>\n<style type=\"text\/css\" data-created_by=\"avia_inline_auto\" id=\"style-css-av-szpszg-908d412ea37bd4613de0ee2534cdebbf\">\n.flex_column.av-szpszg-908d412ea37bd4613de0ee2534cdebbf{\nborder-radius:0px 0px 0px 0px;\npadding:0px 0px 0px 0px;\n}\n<\/style>\n<div  class='flex_column av-szpszg-908d412ea37bd4613de0ee2534cdebbf av_one_third  avia-builder-el-7  el_after_av_one_third  avia-builder-el-last  flex_column_div av-zero-column-padding  '     ><p><div  class='avia-slideshow av-ryqklo-581150ce75e9ac2ab1b4aa752197dab7 avia-slideshow-entry_with_sidebar av_slideshow avia-slide-slider  avia-builder-el-8  el_before_av_textblock  avia-builder-el-first  av-slideshow-ui av-control-default av-slideshow-manual av-loop-once av-loop-manual-endless av-default-height-applied avia-slideshow-3' data-slideshow-options=\"{&quot;animation&quot;:&quot;slide&quot;,&quot;autoplay&quot;:false,&quot;loop_autoplay&quot;:&quot;once&quot;,&quot;interval&quot;:5,&quot;loop_manual&quot;:&quot;manual-endless&quot;,&quot;autoplay_stopper&quot;:false,&quot;noNavigation&quot;:false,&quot;bg_slider&quot;:false,&quot;keep_padding&quot;:false,&quot;hoverpause&quot;:false,&quot;show_slide_delay&quot;:0}\"  itemprop=\"image\" itemscope=\"itemscope\" itemtype=\"https:\/\/schema.org\/ImageObject\" ><ul class='avia-slideshow-inner ' style='padding-bottom: 37.988165680473%;'><li  class='avia-slideshow-slide av-ryqklo-581150ce75e9ac2ab1b4aa752197dab7__0  av-single-slide slide-1 slide-odd'><a href=\"http:\/\/www.sb-graphic.com\/index.php\/certifications\/imprimvert\/\"  data-rel='slideshow-3' class='avia-slide-wrap '   ><img decoding=\"async\" fetchpriority=\"high\" class=\"wp-image-3475 avia-img-lazy-loading-not-3475\"  src=\"https:\/\/www.sb-graphic.com\/wp-content\/uploads\/2017\/03\/IMPRIM-VERT1-845x321.png\" width=\"845\" height=\"321\" title='IMPRIM VERT1' alt=''  itemprop=\"thumbnailUrl\"   \/><\/a><\/li><\/ul><\/div><br \/>\n<section  class='av_textblock_section av-8isbw-ff8bdbb99b0f028bf368e83613af9fc5 '   itemscope=\"itemscope\" itemtype=\"https:\/\/schema.org\/CreativeWork\" ><div class='avia_textblock'  itemprop=\"text\" ><h4>Imprim&rsquo;Vert<\/h4>\n<p>Cette marque est la symbolisation de l\u2019application conforme de la loi qui vise \u00e0 am\u00e9liorer la s\u00e9curit\u00e9 pour tous ainsi que l\u2019\u00e9cologie.<\/p>\n<\/div><\/section><\/p><\/div>\n\n<\/div><\/div><\/main><!-- close content main element --><\/div><\/div><div id='av_section_2'  class='avia-section av-md0p4s-5164a57b53f3c24b9c36f8cdc398a3cb main_color avia-section-default avia-no-shadow  avia-builder-el-10  el_after_av_section  avia-builder-el-last  avia-bg-style-scroll container_wrap sidebar_right'  ><div class='container av-section-cont-open' ><div class='template-page content  av-content-small alpha units'><div class='post-entry post-entry-type-page post-entry-3452'><div class='entry-content-wrapper clearfix'>\n<div  class='flex_column av-k69oy4-197a1e4e482cd3cafa5fd08c618b0b8c av_one_third  avia-builder-el-11  el_before_av_one_third  avia-builder-el-first  first flex_column_div  '     ><p><div  class='avia-slideshow av-j7omf0-303e8f1c5c492d6f5927df5f585c70cf avia-slideshow-entry_with_sidebar av_slideshow avia-slide-slider  avia-builder-el-12  el_before_av_textblock  avia-builder-el-first  av-slideshow-ui av-control-default av-slideshow-manual av-loop-once av-loop-manual-endless av-default-height-applied avia-slideshow-4' data-slideshow-options=\"{&quot;animation&quot;:&quot;slide&quot;,&quot;autoplay&quot;:false,&quot;loop_autoplay&quot;:&quot;once&quot;,&quot;interval&quot;:5,&quot;loop_manual&quot;:&quot;manual-endless&quot;,&quot;autoplay_stopper&quot;:false,&quot;noNavigation&quot;:false,&quot;bg_slider&quot;:false,&quot;keep_padding&quot;:false,&quot;hoverpause&quot;:false,&quot;show_slide_delay&quot;:0}\"  itemprop=\"image\" itemscope=\"itemscope\" itemtype=\"https:\/\/schema.org\/ImageObject\" ><ul class='avia-slideshow-inner ' style='padding-bottom: 37.988165680473%;'><li  class='avia-slideshow-slide av-j7omf0-303e8f1c5c492d6f5927df5f585c70cf__0  av-single-slide slide-1 slide-odd'><a href=\"http:\/\/www.sb-graphic.com\/index.php\/certifications\/iso-12647-2\/\"  data-rel='slideshow-4' class='avia-slide-wrap '   ><img decoding=\"async\" fetchpriority=\"high\" class=\"wp-image-3477 avia-img-lazy-loading-not-3477\"  src=\"https:\/\/www.sb-graphic.com\/wp-content\/uploads\/2017\/03\/ISA12647-845x321.png\" width=\"845\" height=\"321\" title='ISA12647' alt=''  itemprop=\"thumbnailUrl\"   \/><\/a><\/li><\/ul><\/div><br \/>\n<section  class='av_textblock_section av-fbryz0-b5dbf504a73df7ad6eb7cb55462637c1 '   itemscope=\"itemscope\" itemtype=\"https:\/\/schema.org\/CreativeWork\" ><div class='avia_textblock'  itemprop=\"text\" ><h4>ISO 12647-2<\/h4>\n<p>Parce qu\u2019imprimer vos travaux est au c\u0153ur de notre m\u00e9tier, la norme ISO 12 647-2:2004 assure la qualit\u00e9 et la fiabilit\u00e9 de vos r\u00e9alisations.<\/p>\n<\/div><\/section><\/p><\/div>\n<style type=\"text\/css\" data-created_by=\"avia_inline_auto\" id=\"style-css-av-dey1q4-c6f6634d216bf9309d48fc6b594fb4a5\">\n.flex_column.av-dey1q4-c6f6634d216bf9309d48fc6b594fb4a5{\nborder-radius:0px 0px 0px 0px;\npadding:0px 0px 0px 0px;\n}\n<\/style>\n<div  class='flex_column av-dey1q4-c6f6634d216bf9309d48fc6b594fb4a5 av_one_third  avia-builder-el-14  el_after_av_one_third  el_before_av_one_third  flex_column_div av-zero-column-padding avia-link-column av-column-link  '    data-link-column-url=\"https:\/\/www.sb-graphic.com\/index.php\/certifications\/pefc-2\/\"   ><a class=\"av-screen-reader-only\" href=https:\/\/www.sb-graphic.com\/index.php\/certifications\/pefc-2\/ >Suivre un lien ajout\u00e9 manuellement<\/a><p><div  class='avia-slideshow av-cj1uuk-3-451f54dad2b9fcc8f8c15010ef06e63e avia-slideshow-entry_with_sidebar av_slideshow avia-slide-slider  avia-builder-el-15  el_before_av_textblock  avia-builder-el-first  av-slideshow-ui av-control-default av-slideshow-manual av-loop-once av-loop-manual-endless av-default-height-applied avia-slideshow-5' data-slideshow-options=\"{&quot;animation&quot;:&quot;slide&quot;,&quot;autoplay&quot;:false,&quot;loop_autoplay&quot;:&quot;once&quot;,&quot;interval&quot;:5,&quot;loop_manual&quot;:&quot;manual-endless&quot;,&quot;autoplay_stopper&quot;:false,&quot;noNavigation&quot;:false,&quot;bg_slider&quot;:false,&quot;keep_padding&quot;:false,&quot;hoverpause&quot;:false,&quot;show_slide_delay&quot;:0}\"  itemprop=\"image\" itemscope=\"itemscope\" itemtype=\"https:\/\/schema.org\/ImageObject\" ><ul class='avia-slideshow-inner ' style='padding-bottom: 37.988165680473%;'><li  class='avia-slideshow-slide av-cj1uuk-3-451f54dad2b9fcc8f8c15010ef06e63e__0  av-single-slide slide-1 slide-odd'><div data-rel='slideshow-5' class='avia-slide-wrap '   ><img decoding=\"async\" fetchpriority=\"high\" class=\"wp-image-4116 avia-img-lazy-loading-not-4116\"  src=\"https:\/\/www.sb-graphic.com\/wp-content\/uploads\/2024\/09\/PEFC-2024-845x321.jpg\" width=\"845\" height=\"321\" title='PEFC 2024' alt=''  itemprop=\"thumbnailUrl\"   \/><\/div><\/li><\/ul><\/div><br \/>\n<section  class='av_textblock_section av-8j1j1o-2-33f44b3b7fb1429510185d0eb10b105d '   itemscope=\"itemscope\" itemtype=\"https:\/\/schema.org\/CreativeWork\" ><div class='avia_textblock'  itemprop=\"text\" ><h4>PEFC <strong>\u2122<\/strong><\/h4>\n<p>Au niveau europ\u00e9en, la certification PEFC <strong>\u2122<\/strong> garantit aux consommateurs et aux citoyens une gestion foresti\u00e8re durable.<\/p>\n<\/div><\/section><\/p><\/div>\n<style type=\"text\/css\" data-created_by=\"avia_inline_auto\" id=\"style-css-av-7qcnek-3f60b4276875e69b3d0766dcd4bd030e\">\n.flex_column.av-7qcnek-3f60b4276875e69b3d0766dcd4bd030e{\nborder-radius:0px 0px 0px 0px;\npadding:0px 0px 0px 0px;\n}\n<\/style>\n<div  class='flex_column av-7qcnek-3f60b4276875e69b3d0766dcd4bd030e av_one_third  avia-builder-el-17  el_after_av_one_third  avia-builder-el-last  flex_column_div av-zero-column-padding  '     ><p><div  class='avia-slideshow av-iinks-1ca2e958b15999a9830488aff3cd721c avia-slideshow-entry_with_sidebar av_slideshow avia-slide-slider  avia-builder-el-18  el_before_av_textblock  avia-builder-el-first  av-slideshow-ui av-control-default av-slideshow-manual av-loop-once av-loop-manual-endless av-default-height-applied avia-slideshow-6' data-slideshow-options=\"{&quot;animation&quot;:&quot;slide&quot;,&quot;autoplay&quot;:false,&quot;loop_autoplay&quot;:&quot;once&quot;,&quot;interval&quot;:5,&quot;loop_manual&quot;:&quot;manual-endless&quot;,&quot;autoplay_stopper&quot;:false,&quot;noNavigation&quot;:false,&quot;bg_slider&quot;:false,&quot;keep_padding&quot;:false,&quot;hoverpause&quot;:false,&quot;show_slide_delay&quot;:0}\"  itemprop=\"image\" itemscope=\"itemscope\" itemtype=\"https:\/\/schema.org\/ImageObject\" ><ul class='avia-slideshow-inner ' style='padding-bottom: 37.988165680473%;'><li  class='avia-slideshow-slide av-iinks-1ca2e958b15999a9830488aff3cd721c__0  av-single-slide slide-1 slide-odd'><a href=\"http:\/\/www.sb-graphic.com\/index.php\/certifications\/printenvironnement\/\"  data-rel='slideshow-6' class='avia-slide-wrap '   ><img decoding=\"async\" fetchpriority=\"high\" class=\"wp-image-3480 avia-img-lazy-loading-not-3480\"  src=\"https:\/\/www.sb-graphic.com\/wp-content\/uploads\/2017\/03\/PRINT-ENVIRONNEMENT-845x321.png\" width=\"845\" height=\"321\" title='PRINT ENVIRONNEMENT' alt=''  itemprop=\"thumbnailUrl\"   \/><\/a><\/li><\/ul><\/div><br \/>\n<section  class='av_textblock_section av-2acyrw-fabe2f4ce2fbcf89f691a262b80f6596 '   itemscope=\"itemscope\" itemtype=\"https:\/\/schema.org\/CreativeWork\" ><div class='avia_textblock'  itemprop=\"text\" ><h4>Print Environnement<\/h4>\n<p>Le respect des dix engagements\u00a0dans une d\u00e9marche volontaire de respect de l\u2019homme et de l\u2019environnement.<\/p>\n<\/div><\/section><\/p><\/div><\/div><\/div><\/div><!-- close content main div --><\/div><\/div><div id='after_section_2'  class='main_color av_default_container_wrap container_wrap sidebar_right'  ><div class='container av-section-cont-open' ><div class='template-page content  av-content-small alpha units'><div class='post-entry post-entry-type-page post-entry-3452'><div class='entry-content-wrapper clearfix'>\n","protected":false},"excerpt":{"rendered":"","protected":false},"author":1,"featured_media":0,"parent":0,"menu_order":0,"comment_status":"closed","ping_status":"closed","template":"","meta":{"footnotes":""},"class_list":["post-3452","page","type-page","status-publish","hentry"],"_links":{"self":[{"href":"https:\/\/www.sb-graphic.com\/index.php\/wp-json\/wp\/v2\/pages\/3452"}],"collection":[{"href":"https:\/\/www.sb-graphic.com\/index.php\/wp-json\/wp\/v2\/pages"}],"about":[{"href":"https:\/\/www.sb-graphic.com\/index.php\/wp-json\/wp\/v2\/types\/page"}],"author":[{"embeddable":true,"href":"https:\/\/www.sb-graphic.com\/index.php\/wp-json\/wp\/v2\/users\/1"}],"replies":[{"embeddable":true,"href":"https:\/\/www.sb-graphic.com\/index.php\/wp-json\/wp\/v2\/comments?post=3452"}],"version-history":[{"count":47,"href":"https:\/\/www.sb-graphic.com\/index.php\/wp-json\/wp\/v2\/pages\/3452\/revisions"}],"predecessor-version":[{"id":4273,"href":"https:\/\/www.sb-graphic.com\/index.php\/wp-json\/wp\/v2\/pages\/3452\/revisions\/4273"}],"wp:attachment":[{"href":"https:\/\/www.sb-graphic.com\/index.php\/wp-json\/wp\/v2\/media?parent=3452"}],"curies":[{"name":"wp","href":"https:\/\/api.w.org\/{rel}","templated":true}]}}